{"id":232,"date":"2020-04-24T10:45:58","date_gmt":"2020-04-24T10:45:58","guid":{"rendered":"https:\/\/wp.tti-automotive.de\/?page_id=232"},"modified":"2020-05-28T13:13:09","modified_gmt":"2020-05-28T11:13:09","slug":"elektrische-turboverdichter","status":"publish","type":"page","link":"https:\/\/tti-automotive.de\/index.php\/elektrische-turboverdichter\/","title":{"rendered":"Elektrische Turboverdichter"},"content":{"rendered":"<p>[et_pb_section fb_built=&#8220;1&#8243; _builder_version=&#8220;4.4.4&#8243; background_image=&#8220;https:\/\/wp.tti-automotive.de\/wp-content\/uploads\/2020\/04\/background_asphalt.png&#8220; background_position=&#8220;bottom_left&#8220; custom_margin=&#8220;||15px|||&#8220; custom_padding=&#8220;75px||0px||false|false&#8220;][et_pb_row _builder_version=&#8220;4.4.2&#8243; width=&#8220;100%&#8220; max_width=&#8220;1500px&#8220;][et_pb_column type=&#8220;4_4&#8243; _builder_version=&#8220;4.4.2&#8243;][et_pb_text _builder_version=&#8220;4.4.4&#8243; header_3_font=&#8220;Montserrat|700||on|||||&#8220; header_3_text_color=&#8220;#C20909&#8243; header_3_font_size=&#8220;45px&#8220; text_orientation=&#8220;center&#8220; width=&#8220;100%&#8220; custom_margin=&#8220;||12px|||&#8220; custom_padding=&#8220;|0px||||&#8220; border_color_bottom=&#8220;#C20909&#8243;]<\/p>\n<h3>Elektrische Turboverdichter<\/h3>\n<p>[\/et_pb_text][\/et_pb_column][\/et_pb_row][et_pb_row column_structure=&#8220;1_4,1_4,1_4,1_4&#8243; _builder_version=&#8220;4.4.4&#8243; width=&#8220;100%&#8220; max_width=&#8220;1500px&#8220;][et_pb_column type=&#8220;1_4&#8243; _builder_version=&#8220;4.4.2&#8243;][et_pb_image src=&#8220;https:\/\/wp.tti-automotive.de\/wp-content\/uploads\/2020\/05\/Elektrische-Turboverdichter-Bild-1.png&#8220; title_text=&#8220;Elektrische Turboverdichter Bild 1&#8243; _builder_version=&#8220;4.4.7&#8243;][\/et_pb_image][\/et_pb_column][et_pb_column type=&#8220;1_4&#8243; _builder_version=&#8220;4.4.2&#8243;][et_pb_image src=&#8220;https:\/\/wp.tti-automotive.de\/wp-content\/uploads\/2020\/05\/Elektrische-Turboverdichter-Bild-3.png&#8220; title_text=&#8220;Elektrische Turboverdichter Bild 3&#8243; _builder_version=&#8220;4.4.7&#8243;][\/et_pb_image][\/et_pb_column][et_pb_column type=&#8220;1_4&#8243; _builder_version=&#8220;4.4.2&#8243;][et_pb_image src=&#8220;https:\/\/wp.tti-automotive.de\/wp-content\/uploads\/2020\/05\/Elektrische-Turboverdichter-Bild-5.png&#8220; title_text=&#8220;Elektrische Turboverdichter Bild 5&#8243; _builder_version=&#8220;4.4.7&#8243;][\/et_pb_image][\/et_pb_column][et_pb_column type=&#8220;1_4&#8243; _builder_version=&#8220;4.4.2&#8243;][et_pb_image src=&#8220;https:\/\/wp.tti-automotive.de\/wp-content\/uploads\/2020\/05\/Elektrische-Turboverdichter-Bild-6.png&#8220; title_text=&#8220;Elektrische Turboverdichter Bild 6&#8243; _builder_version=&#8220;4.4.7&#8243; custom_margin=&#8220;-1px||1px||false|false&#8220; custom_padding=&#8220;8px||5px||false|false&#8220;][\/et_pb_image][\/et_pb_column][\/et_pb_row][\/et_pb_section][et_pb_section fb_built=&#8220;1&#8243; _builder_version=&#8220;4.4.2&#8243; background_color=&#8220;#000000&#8243; background_enable_image=&#8220;off&#8220; background_position=&#8220;bottom_left&#8220; custom_margin=&#8220;-79px||15px|||&#8220; custom_padding=&#8220;63px||72px|||&#8220;][et_pb_row column_structure=&#8220;1_2,1_2&#8243; _builder_version=&#8220;4.4.4&#8243; width=&#8220;100%&#8220; max_width=&#8220;1500px&#8220; min_height=&#8220;435px&#8220; custom_margin=&#8220;-21px|auto||auto||&#8220; custom_padding=&#8220;28px|||||&#8220;][et_pb_column type=&#8220;1_2&#8243; _builder_version=&#8220;4.4.2&#8243;][et_pb_text _builder_version=&#8220;4.4.4&#8243; text_font=&#8220;Montserrat||||||||&#8220; text_font_size=&#8220;18px&#8220; text_line_height=&#8220;1.8em&#8220;]<\/p>\n<p>F\u00fcr zukunftsweisende Antriebskonzepte f\u00fcr den Individual- und G\u00fcterverkehr nehmen aktuell die Themen Elektrifizierung und Wasserstoff eine zentrale Bedeutung ein. Eine wichtige Komponente von Brennstoffzellensystemen ist die Luftversorgung, die f\u00fcr den Fahrzeugeinsatz spezifische Krtiterien bzgl. Wirkungsgrad, Leistung, Gewicht, Bauraum und Akustik erf\u00fcllen sollte. TTI entwickelt anwendungsspezifisch optimierte elektrisch angetriebene Turbo-Kompressoren mit hoher Leistungsdichte und \u00f6lfreier Gaslagerung.<\/p>\n<p>[\/et_pb_text][\/et_pb_column][et_pb_column type=&#8220;1_2&#8243; _builder_version=&#8220;4.4.2&#8243;][et_pb_video src=&#8220;https:\/\/tti-automotive.de\/wp-content\/uploads\/2020\/05\/TTI_TASU03b_1.mp4&#8243; _builder_version=&#8220;4.4.7&#8243;][\/et_pb_video][et_pb_video src=&#8220;https:\/\/tti-automotive.de\/wp-content\/uploads\/2020\/05\/TTI_TASUC01a_v3.mp4&#8243; _builder_version=&#8220;4.4.7&#8243; hover_enabled=&#8220;0&#8243; title_text=&#8220;TTI_TASUC01a_v3&#8243; thumbnail_overlay_color=&#8220;rgba(0,0,0,0.6)&#8220;][\/et_pb_video][\/et_pb_column][\/et_pb_row][\/et_pb_section][et_pb_section fb_built=&#8220;1&#8243; _builder_version=&#8220;4.4.2&#8243; background_color=&#8220;#ffffff&#8220; global_module=&#8220;115&#8243;][et_pb_row column_structure=&#8220;1_3,1_3,1_3&#8243; _builder_version=&#8220;4.4.2&#8243; max_width=&#8220;1520px&#8220;][et_pb_column type=&#8220;1_3&#8243; _builder_version=&#8220;4.4.2&#8243;][et_pb_image src=&#8220;https:\/\/tti-automotive.de\/wp-content\/uploads\/2020\/04\/TTI_Logo_auf_Weiss-scaled.jpg&#8220; title_text=&#8220;TTI_Logo_auf_Weiss&#8220; _builder_version=&#8220;4.4.7&#8243;][\/et_pb_image][et_pb_text _builder_version=&#8220;4.4.4&#8243; text_font=&#8220;Montserrat||||||||&#8220; text_text_color=&#8220;#000000&#8243; text_font_size=&#8220;18px&#8220; text_line_height=&#8220;1.8em&#8220;]<\/p>\n<p>TTI Turbo Technik Innovation GmbH<br \/> Leverkuser Strasse 65<br \/> 42897 Remscheid<\/p>\n<p>Telefon: +49 (0)2191-59146-0<br \/> kontakt(at)tti-automotive.de<\/p>\n<p>[\/et_pb_text][\/et_pb_column][et_pb_column type=&#8220;1_3&#8243; _builder_version=&#8220;4.4.2&#8243;][et_pb_blurb title=&#8220;Entwicklung&#8220; image=&#8220;https:\/\/wp.tti-automotive.de\/wp-content\/uploads\/2020\/04\/symbol.png&#8220; icon_placement=&#8220;left&#8220; image_max_width=&#8220;56%&#8220; content_max_width=&#8220;518px&#8220; _builder_version=&#8220;4.4.4&#8243; header_font=&#8220;Montserrat||||||||&#8220; header_text_color=&#8220;#000000&#8243; header_font_size=&#8220;24px&#8220; header_letter_spacing=&#8220;2px&#8220; width=&#8220;100%&#8220; max_width=&#8220;100%&#8220; custom_margin=&#8220;||0px|||&#8220;][\/et_pb_blurb][et_pb_button button_url=&#8220;@ET-DC@eyJkeW5hbWljIjp0cnVlLCJjb250ZW50IjoicG9zdF9saW5rX3VybF9wYWdlIiwic2V0dGluZ3MiOnsicG9zdF9pZCI6IjIyMCJ9fQ==@&#8220; button_text=&#8220;Abgasturbolader&#8220; _builder_version=&#8220;4.4.4&#8243; _dynamic_attributes=&#8220;button_url&#8220; custom_button=&#8220;on&#8220; button_text_size=&#8220;18px&#8220; button_text_color=&#8220;#000000&#8243; button_bg_color=&#8220;rgba(0,0,0,0)&#8220; button_border_width=&#8220;0px&#8220; button_border_radius=&#8220;0px&#8220; button_icon=&#8220;%%3%%&#8220; button_icon_color=&#8220;#C20909&#8243; button_icon_placement=&#8220;left&#8220; custom_margin=&#8220;||-9px|45px|false|false&#8220; custom_padding=&#8220;|0px||0px|false|false&#8220;][\/et_pb_button][et_pb_button button_url=&#8220;@ET-DC@eyJkeW5hbWljIjp0cnVlLCJjb250ZW50IjoicG9zdF9saW5rX3VybF9wYWdlIiwic2V0dGluZ3MiOnsicG9zdF9pZCI6IjIzMiJ9fQ==@&#8220; button_text=&#8220;Elektrische Turboverdichter&#8220; _builder_version=&#8220;4.4.4&#8243; _dynamic_attributes=&#8220;button_url&#8220; custom_button=&#8220;on&#8220; button_text_size=&#8220;18px&#8220; button_text_color=&#8220;#000000&#8243; button_bg_color=&#8220;rgba(0,0,0,0)&#8220; button_border_width=&#8220;0px&#8220; button_border_radius=&#8220;0px&#8220; button_icon=&#8220;%%3%%&#8220; button_icon_color=&#8220;#C20909&#8243; button_icon_placement=&#8220;left&#8220; custom_margin=&#8220;|||26px|false|false&#8220;][\/et_pb_button][et_pb_blurb title=&#8220;Dienstleistungen &#038; Bauteile&#8220; image=&#8220;https:\/\/wp.tti-automotive.de\/wp-content\/uploads\/2020\/04\/symbol.png&#8220; icon_placement=&#8220;left&#8220; image_max_width=&#8220;56%&#8220; content_max_width=&#8220;518px&#8220; _builder_version=&#8220;4.4.4&#8243; header_font=&#8220;Montserrat||||||||&#8220; header_text_color=&#8220;#000000&#8243; header_font_size=&#8220;24px&#8220; header_letter_spacing=&#8220;2px&#8220; width=&#8220;100%&#8220; max_width=&#8220;100%&#8220; custom_margin=&#8220;||0px|||&#8220;][\/et_pb_blurb][et_pb_button button_url=&#8220;@ET-DC@eyJkeW5hbWljIjp0cnVlLCJjb250ZW50IjoicG9zdF9saW5rX3VybF9wYWdlIiwic2V0dGluZ3MiOnsicG9zdF9pZCI6IjI4MyJ9fQ==@&#8220; button_text=&#8220;Konstruktion \/ CAD&#8220; _builder_version=&#8220;4.4.4&#8243; _dynamic_attributes=&#8220;button_url&#8220; custom_button=&#8220;on&#8220; button_text_size=&#8220;18px&#8220; button_text_color=&#8220;#000000&#8243; button_bg_color=&#8220;rgba(0,0,0,0)&#8220; button_border_width=&#8220;0px&#8220; button_border_radius=&#8220;0px&#8220; button_icon=&#8220;%%3%%&#8220; button_icon_color=&#8220;#C20909&#8243; button_icon_placement=&#8220;left&#8220; custom_margin=&#8220;||-5px|26px|false|false&#8220;][\/et_pb_button][et_pb_button button_url=&#8220;@ET-DC@eyJkeW5hbWljIjp0cnVlLCJjb250ZW50IjoicG9zdF9saW5rX3VybF9wYWdlIiwic2V0dGluZ3MiOnsicG9zdF9pZCI6IjI3NCJ9fQ==@&#8220; button_text=&#8220;Berechnung und Simulation \/ CAE&#8220; _builder_version=&#8220;4.4.4&#8243; _dynamic_attributes=&#8220;button_url&#8220; custom_button=&#8220;on&#8220; button_text_size=&#8220;18px&#8220; button_text_color=&#8220;#000000&#8243; button_bg_color=&#8220;rgba(0,0,0,0)&#8220; button_border_width=&#8220;0px&#8220; button_border_radius=&#8220;0px&#8220; button_icon=&#8220;%%3%%&#8220; button_icon_color=&#8220;#C20909&#8243; button_icon_placement=&#8220;left&#8220; custom_margin=&#8220;|||26px|false|false&#8220; custom_padding=&#8220;0px|||||&#8220;][\/et_pb_button][et_pb_button button_url=&#8220;@ET-DC@eyJkeW5hbWljIjp0cnVlLCJjb250ZW50IjoicG9zdF9saW5rX3VybF9wYWdlIiwic2V0dGluZ3MiOnsicG9zdF9pZCI6IjM3MiJ9fQ==@&#8220; button_text=&#8220;Kleinserien, Prototypen &#038; Funktionsmuster&#8220; _builder_version=&#8220;4.4.4&#8243; _dynamic_attributes=&#8220;button_url&#8220; custom_button=&#8220;on&#8220; button_text_size=&#8220;18px&#8220; button_text_color=&#8220;#000000&#8243; button_bg_color=&#8220;rgba(0,0,0,0)&#8220; button_border_width=&#8220;0px&#8220; button_border_radius=&#8220;0px&#8220; button_icon=&#8220;%%3%%&#8220; button_icon_color=&#8220;#C20909&#8243; button_icon_placement=&#8220;left&#8220; custom_margin=&#8220;-48px|||26px|false|false&#8220; custom_padding=&#8220;0px|||||&#8220;][\/et_pb_button][\/et_pb_column][et_pb_column type=&#8220;1_3&#8243; _builder_version=&#8220;4.4.2&#8243;][et_pb_blurb title=&#8220;Forschungsprojekte&#8220; url=&#8220;@ET-DC@eyJkeW5hbWljIjp0cnVlLCJjb250ZW50IjoicG9zdF9saW5rX3VybF9wYWdlIiwic2V0dGluZ3MiOnsicG9zdF9pZCI6IjE1NiJ9fQ==@&#8220; image=&#8220;https:\/\/wp.tti-automotive.de\/wp-content\/uploads\/2020\/04\/symbol.png&#8220; icon_placement=&#8220;left&#8220; image_max_width=&#8220;56%&#8220; content_max_width=&#8220;518px&#8220; _builder_version=&#8220;4.4.4&#8243; _dynamic_attributes=&#8220;url&#8220; header_font=&#8220;Montserrat||||||||&#8220; header_text_color=&#8220;#000000&#8243; header_font_size=&#8220;24px&#8220; header_letter_spacing=&#8220;2px&#8220; width=&#8220;100%&#8220; max_width=&#8220;100%&#8220; custom_margin=&#8220;||0px|||&#8220;][\/et_pb_blurb][et_pb_button button_url=&#8220;@ET-DC@eyJkeW5hbWljIjp0cnVlLCJjb250ZW50IjoicG9zdF9saW5rX3VybF9wYWdlIiwic2V0dGluZ3MiOnsicG9zdF9pZCI6IjM2OCJ9fQ==@&#8220; button_text=&#8220; HDTG \/ Hoch Drehzahl Turboexpander Generator&#8220; _builder_version=&#8220;4.4.4&#8243; _dynamic_attributes=&#8220;button_url&#8220; custom_button=&#8220;on&#8220; button_text_size=&#8220;18px&#8220; button_text_color=&#8220;#000000&#8243; button_bg_color=&#8220;rgba(0,0,0,0)&#8220; button_border_width=&#8220;0px&#8220; button_border_radius=&#8220;0px&#8220; button_icon=&#8220;%%3%%&#8220; button_icon_color=&#8220;#C20909&#8243; button_icon_placement=&#8220;left&#8220; custom_margin=&#8220;0px||-2px|25px|false|false&#8220;][\/et_pb_button][et_pb_button button_url=&#8220;@ET-DC@eyJkeW5hbWljIjp0cnVlLCJjb250ZW50IjoicG9zdF9saW5rX3VybF9wYWdlIiwic2V0dGluZ3MiOnsicG9zdF9pZCI6IjQwNiJ9fQ==@&#8220; button_text=&#8220; HSHT \/ High Speed Hybrid Turbo&#8220; _builder_version=&#8220;4.4.4&#8243; _dynamic_attributes=&#8220;button_url&#8220; custom_button=&#8220;on&#8220; button_text_size=&#8220;18px&#8220; button_text_color=&#8220;#000000&#8243; button_bg_color=&#8220;rgba(0,0,0,0)&#8220; button_border_width=&#8220;0px&#8220; button_border_radius=&#8220;0px&#8220; button_icon=&#8220;%%3%%&#8220; button_icon_color=&#8220;#C20909&#8243; button_icon_placement=&#8220;left&#8220; custom_margin=&#8220;0px||-6px|25px|false|false&#8220;][\/et_pb_button][et_pb_button button_url=&#8220;@ET-DC@eyJkeW5hbWljIjp0cnVlLCJjb250ZW50IjoicG9zdF9saW5rX3VybF9wYWdlIiwic2V0dGluZ3MiOnsicG9zdF9pZCI6IjQzNyJ9fQ==@&#8220; button_text=&#8220;ASLL \/ Aerostatische Luftlagerung&#8220; _builder_version=&#8220;4.4.4&#8243; _dynamic_attributes=&#8220;button_url&#8220; custom_button=&#8220;on&#8220; button_text_size=&#8220;18px&#8220; button_text_color=&#8220;#000000&#8243; button_bg_color=&#8220;rgba(0,0,0,0)&#8220; button_border_width=&#8220;0px&#8220; button_border_radius=&#8220;0px&#8220; button_icon=&#8220;%%3%%&#8220; button_icon_color=&#8220;#C20909&#8243; button_icon_placement=&#8220;left&#8220; custom_margin=&#8220;0px|||25px|false|false&#8220;][\/et_pb_button][et_pb_blurb title=&#8220;Kontakt&#8220; image=&#8220;https:\/\/wp.tti-automotive.de\/wp-content\/uploads\/2020\/04\/symbol.png&#8220; icon_placement=&#8220;left&#8220; image_max_width=&#8220;56%&#8220; content_max_width=&#8220;518px&#8220; _builder_version=&#8220;4.4.4&#8243; header_font=&#8220;Montserrat||||||||&#8220; header_text_color=&#8220;#000000&#8243; header_font_size=&#8220;24px&#8220; header_letter_spacing=&#8220;2px&#8220; width=&#8220;100%&#8220; max_width=&#8220;100%&#8220; min_height=&#8220;31px&#8220; custom_margin=&#8220;||0px|||&#8220; custom_padding=&#8220;3px||45px|||&#8220;][\/et_pb_blurb][et_pb_button button_url=&#8220;@ET-DC@eyJkeW5hbWljIjp0cnVlLCJjb250ZW50IjoicG9zdF9saW5rX3VybF9wYWdlIiwic2V0dGluZ3MiOnsicG9zdF9pZCI6IjE1OSJ9fQ==@&#8220; button_text=&#8220;Schreiben Sie uns&#8220; _builder_version=&#8220;4.4.4&#8243; _dynamic_attributes=&#8220;button_url&#8220; custom_button=&#8220;on&#8220; button_text_size=&#8220;18px&#8220; button_text_color=&#8220;#000000&#8243; button_bg_color=&#8220;rgba(0,0,0,0)&#8220; button_border_width=&#8220;0px&#8220; button_border_radius=&#8220;0px&#8220; button_icon=&#8220;%%3%%&#8220; button_icon_color=&#8220;#C20909&#8243; button_icon_placement=&#8220;left&#8220; custom_margin=&#8220;-51px|||25px|false|false&#8220;][\/et_pb_button][et_pb_button button_url=&#8220;@ET-DC@eyJkeW5hbWljIjp0cnVlLCJjb250ZW50IjoicG9zdF9saW5rX3VybF9wYWdlIiwic2V0dGluZ3MiOnsicG9zdF9pZCI6IjMifX0=@&#8220; button_text=&#8220;Datenschutzerkl\u00e4rung&#8220; _builder_version=&#8220;4.4.4&#8243; _dynamic_attributes=&#8220;button_url&#8220; custom_button=&#8220;on&#8220; button_text_size=&#8220;18px&#8220; button_text_color=&#8220;#000000&#8243; button_bg_color=&#8220;rgba(0,0,0,0)&#8220; button_border_width=&#8220;0px&#8220; button_border_radius=&#8220;0px&#8220; button_icon=&#8220;%%3%%&#8220; button_icon_color=&#8220;#C20909&#8243; button_icon_placement=&#8220;left&#8220; custom_margin=&#8220;-51px|||25px|false|false&#8220;][\/et_pb_button][et_pb_button button_url=&#8220;@ET-DC@eyJkeW5hbWljIjp0cnVlLCJjb250ZW50IjoicG9zdF9saW5rX3VybF9wYWdlIiwic2V0dGluZ3MiOnsicG9zdF9pZCI6IjY1MiJ9fQ==@&#8220; button_text=&#8220;Impressum&#8220; _builder_version=&#8220;4.4.4&#8243; _dynamic_attributes=&#8220;button_url&#8220; custom_button=&#8220;on&#8220; button_text_size=&#8220;18px&#8220; button_text_color=&#8220;#000000&#8243; button_bg_color=&#8220;rgba(0,0,0,0)&#8220; button_border_width=&#8220;0px&#8220; button_border_radius=&#8220;0px&#8220; button_icon=&#8220;%%3%%&#8220; button_icon_color=&#8220;#C20909&#8243; button_icon_placement=&#8220;left&#8220; custom_margin=&#8220;-51px|||25px|false|false&#8220;][\/et_pb_button][\/et_pb_column][\/et_pb_row][\/et_pb_section]<\/p>\n","protected":false},"excerpt":{"rendered":"<p>[et_pb_section fb_built=&#8220;1&#8243; _builder_version=&#8220;4.4.4&#8243; background_image=&#8220;https:\/\/wp.tti-automotive.de\/wp-content\/uploads\/2020\/04\/background_asphalt.png&#8220; background_position=&#8220;bottom_left&#8220; custom_margin=&#8220;||15px|||&#8220; custom_padding=&#8220;75px||0px||false|false&#8220;][et_pb_row _builder_version=&#8220;4.4.2&#8243; width=&#8220;100%&#8220; max_width=&#8220;1500px&#8220;][et_pb_column type=&#8220;4_4&#8243; _builder_version=&#8220;4.4.2&#8243;][et_pb_text _builder_version=&#8220;4.4.4&#8243; header_3_font=&#8220;Montserrat|700||on|||||&#8220; header_3_text_color=&#8220;#C20909&#8243; header_3_font_size=&#8220;45px&#8220; text_orientation=&#8220;center&#8220; width=&#8220;100%&#8220; custom_margin=&#8220;||12px|||&#8220; custom_padding=&#8220;|0px||||&#8220; border_color_bottom=&#8220;#C20909&#8243;] Elektrische Turboverdichter [\/et_pb_text][\/et_pb_column][\/et_pb_row][et_pb_row column_structure=&#8220;1_4,1_4,1_4,1_4&#8243; _builder_version=&#8220;4.4.4&#8243; width=&#8220;100%&#8220; max_width=&#8220;1500px&#8220;][et_pb_column type=&#8220;1_4&#8243; _builder_version=&#8220;4.4.2&#8243;][et_pb_image src=&#8220;https:\/\/wp.tti-automotive.de\/wp-content\/uploads\/2020\/05\/Elektrische-Turboverdichter-Bild-1.png&#8220; title_text=&#8220;Elektrische Turboverdichter Bild 1&#8243; _builder_version=&#8220;4.4.7&#8243;][\/et_pb_image][\/et_pb_column][et_pb_column type=&#8220;1_4&#8243; _builder_version=&#8220;4.4.2&#8243;][et_pb_image src=&#8220;https:\/\/wp.tti-automotive.de\/wp-content\/uploads\/2020\/05\/Elektrische-Turboverdichter-Bild-3.png&#8220; title_text=&#8220;Elektrische Turboverdichter Bild 3&#8243; _builder_version=&#8220;4.4.7&#8243;][\/et_pb_image][\/et_pb_column][et_pb_column type=&#8220;1_4&#8243; _builder_version=&#8220;4.4.2&#8243;][et_pb_image src=&#8220;https:\/\/wp.tti-automotive.de\/wp-content\/uploads\/2020\/05\/Elektrische-Turboverdichter-Bild-5.png&#8220; title_text=&#8220;Elektrische Turboverdichter Bild 5&#8243; _builder_version=&#8220;4.4.7&#8243;][\/et_pb_image][\/et_pb_column][et_pb_column type=&#8220;1_4&#8243; _builder_version=&#8220;4.4.2&#8243;][et_pb_image src=&#8220;https:\/\/wp.tti-automotive.de\/wp-content\/uploads\/2020\/05\/Elektrische-Turboverdichter-Bild-6.png&#8220; [&hellip;]<\/p>\n","protected":false},"author":1,"featured_media":0,"parent":0,"menu_order":0,"comment_status":"closed","ping_status":"open","template":"","meta":{"_et_pb_use_builder":"on","_et_pb_old_content":"<!-- wp:paragraph -->\n<p>This is an example page. It's different from a blog post because it will stay in one place and will show up in your site navigation (in most themes). Most people start with an About page that introduces them to potential site visitors. It might say something like this:<\/p>\n<!-- \/wp:paragraph -->\n\n<!-- wp:quote -->\n<blockquote class=\"wp-block-quote\"><p>Hi there! I'm a bike messenger by day, aspiring actor by night, and this is my website. I live in Los Angeles, have a great dog named Jack, and I like pi\u00f1a coladas. (And gettin' caught in the rain.)<\/p><\/blockquote>\n<!-- \/wp:quote -->\n\n<!-- wp:paragraph -->\n<p>...or something like this:<\/p>\n<!-- \/wp:paragraph -->\n\n<!-- wp:quote -->\n<blockquote class=\"wp-block-quote\"><p>The XYZ Doohickey Company was founded in 1971, and has been providing quality doohickeys to the public ever since. Located in Gotham City, XYZ employs over 2,000 people and does all kinds of awesome things for the Gotham community.<\/p><\/blockquote>\n<!-- \/wp:quote -->\n\n<!-- wp:paragraph -->\n<p>As a new WordPress user, you should go to <a href=\"https:\/\/wp.tti-automotive.de\/wp-admin\/\">your dashboard<\/a> to delete this page and create new pages for your content. Have fun!<\/p>\n<!-- \/wp:paragraph -->","_et_gb_content_width":""},"_links":{"self":[{"href":"https:\/\/tti-automotive.de\/index.php\/wp-json\/wp\/v2\/pages\/232"}],"collection":[{"href":"https:\/\/tti-automotive.de\/index.php\/wp-json\/wp\/v2\/pages"}],"about":[{"href":"https:\/\/tti-automotive.de\/index.php\/wp-json\/wp\/v2\/types\/page"}],"author":[{"embeddable":true,"href":"https:\/\/tti-automotive.de\/index.php\/wp-json\/wp\/v2\/users\/1"}],"replies":[{"embeddable":true,"href":"https:\/\/tti-automotive.de\/index.php\/wp-json\/wp\/v2\/comments?post=232"}],"version-history":[{"count":18,"href":"https:\/\/tti-automotive.de\/index.php\/wp-json\/wp\/v2\/pages\/232\/revisions"}],"predecessor-version":[{"id":1005,"href":"https:\/\/tti-automotive.de\/index.php\/wp-json\/wp\/v2\/pages\/232\/revisions\/1005"}],"wp:attachment":[{"href":"https:\/\/tti-automotive.de\/index.php\/wp-json\/wp\/v2\/media?parent=232"}],"curies":[{"name":"wp","href":"https:\/\/api.w.org\/{rel}","templated":true}]}}